{"id":149,"date":"2020-10-20T14:37:42","date_gmt":"2020-10-20T12:37:42","guid":{"rendered":"http:\/\/www.hellogenoa.eu\/?page_id=149"},"modified":"2021-03-23T17:44:03","modified_gmt":"2021-03-23T16:44:03","slug":"caruggi","status":"publish","type":"page","link":"https:\/\/www.hellogenoa.eu\/en\/caruggi\/","title":{"rendered":"The Caruggi lanes"},"content":{"rendered":"<p>\u201cVagai a lungo e senza meta tra i tortuosi vicoli della citt\u00e0 e mi dissi, non senza un accento di trionfo personale, che infine qui c\u2019era qualcosa che sarebbe stato pressoch\u00e9 impossibile modernizzare. [\u2026] Genova, come ho accennato, \u00e8 la pi\u00f9 tortuosa e incoerente delle citt\u00e0. [\u2026] Gi\u00f9 per i basamenti, nei vicoli stretti e crepuscolari, le persone si muovono di un moto perpetuo, avanti e indietro, oppure restano in piedi sulla soglia dei loro cavernosi ingressi o nei negozi tetri e affollati, chiamandosi per nome, chiacchierando, ridendo, lamentandosi, vivendo le loro vite in quella maniera fatta di conversazione che \u00e8 tipicamente italiana.\u201d Henry James<br \/>\nIl pi\u00f9 grande centro storico d\u2019Europa \u00e8 una parte viva e vivace della citt\u00e0 di Genova, che si arrocca su una collina proprio a strapiombo sul mare. Cambiamenti moderni la arricchiscono, senza snaturare la storia e l\u2019arte.<br \/>\nUna Genova mercantile riaffiora nelle strade, un medioevo lontano \u00e8 ancora presente nella vita quotidiana. Navi addossate alle mura cittadine, circondate da una moltitudine di persone, camalli, carbonini, schiavi, notai, armatori pronti agli affari, allo scarico, alla movimentazione.<br \/>\nUn grande porto del Mediterraneo. Voci diverse, lingue diverse si mescolano a formare quella che oggi \u00e8 il Genovese, un miscuglio di parlate e parole. I carri a mano invadono le strette vie e si incrociano con le portantine dei signori. Non \u00e8 possibile vedere l\u2019interno, ma dal decoro e dalla foggia in cui sono vestiti i portantini si deve trattare di un ricco nobile. Servette si affrettano e per evitare la calca camminano sotto i portici dei palazzi. Odori forti di cibo e umanit\u00e0 si mescolano.<br \/>\nIl sole \u00e8 raro, non riesce quasi mai a toccare la strada. Genova \u00e8 segreta, non si scopre facilmente, non permette al sole di penetrare. Solo pochi fortunati possono godere del sole sui piani alti delle case. Tetti spioventi e piccoli terrazzi, spazi rari e ambiti.<br \/>\nUna citt\u00e0 chiusa e inaccessibile, difficile da scoprire, molto pudica che non si mostra facilmente. Le sue strade medioevali formano un vasto labirinto, un dedalo di case altissime, le case torri. La citt\u00e0 \u00e8 vissuta e non \u00e8 un museo a cielo aperto, i fantasmi di chi ha abitato qui in passato sono presenti e visibili sui muri, nei portali, nei bassorilievi, nelle scritte, nelle incisioni.<br \/>\nPoi tutto ad un tratto si apre una piazzetta. Un palazzo, una chiesa. Il potere delle famiglie \u00e8 anche possedere una piccola porzione di questa citt\u00e0 unica.<br \/>\nArchi, colonne, marmo, pietra nera \u2013 un medioevo di pietra che resiste e che si mostra piano piano a chi desidera scoprirla.<br \/>\nI palazzi governativi mostrano la potenza di una grande Repubblica. Palazzo Ducale e la sua Torre Grimaldina, la cinta di Mura e le maestose porte di ingresso, le carceri, i fondaci raccontano una vita di affari e traffici commerciali, di grande lavoro e dedizione. Grandi politici e grandi avventurieri, naviganti di fama internazionale come Cristoforo Colombo, hanno percorso le vie di questa citt\u00e0 incoerente e del tutto inusuale.<\/p>\n","protected":false},"excerpt":{"rendered":"<p>\u201cVagai a lungo e senza meta tra i tortuosi vicoli della citt\u00e0 e mi dissi, non senza un accento di trionfo personale, che infine qui c\u2019era qualcosa che sarebbe stato pressoch\u00e9 impossibile modernizzare. [\u2026] Genova, come ho accennato, \u00e8 la pi\u00f9 tortuosa e incoerente delle citt\u00e0. [\u2026] Gi\u00f9 per i basamenti, nei vicoli stretti e [&hellip;]<\/p>\n","protected":false},"author":1,"featured_media":426,"parent":0,"menu_order":0,"comment_status":"closed","ping_status":"closed","template":"","meta":[],"_links":{"self":[{"href":"https:\/\/www.hellogenoa.eu\/en\/wp-json\/wp\/v2\/pages\/149"}],"collection":[{"href":"https:\/\/www.hellogenoa.eu\/en\/wp-json\/wp\/v2\/pages"}],"about":[{"href":"https:\/\/www.hellogenoa.eu\/en\/wp-json\/wp\/v2\/types\/page"}],"author":[{"embeddable":true,"href":"https:\/\/www.hellogenoa.eu\/en\/wp-json\/wp\/v2\/users\/1"}],"replies":[{"embeddable":true,"href":"https:\/\/www.hellogenoa.eu\/en\/wp-json\/wp\/v2\/comments?post=149"}],"version-history":[{"count":3,"href":"https:\/\/www.hellogenoa.eu\/en\/wp-json\/wp\/v2\/pages\/149\/revisions"}],"predecessor-version":[{"id":431,"href":"https:\/\/www.hellogenoa.eu\/en\/wp-json\/wp\/v2\/pages\/149\/revisions\/431"}],"wp:featuredmedia":[{"embeddable":true,"href":"https:\/\/www.hellogenoa.eu\/en\/wp-json\/wp\/v2\/media\/426"}],"wp:attachment":[{"href":"https:\/\/www.hellogenoa.eu\/en\/wp-json\/wp\/v2\/media?parent=149"}],"curies":[{"name":"wp","href":"https:\/\/api.w.org\/{rel}","templated":true}]}}