{"id":153,"date":"2020-10-20T14:38:14","date_gmt":"2020-10-20T12:38:14","guid":{"rendered":"http:\/\/www.hellogenoa.eu\/?page_id=153"},"modified":"2021-03-23T17:27:06","modified_gmt":"2021-03-23T16:27:06","slug":"citta-verticale","status":"publish","type":"page","link":"https:\/\/www.hellogenoa.eu\/en\/citta-verticale\/","title":{"rendered":"Vertical city"},"content":{"rendered":"<p>Camminando dal mare e dalla costa verso l\u2019interno, tutti dicono che Genova \u00e8 una citt\u00e0 \u201cin salita\u201d.<br \/>\nCreuze tortuose, vecchie mulattiere si inerpicano lungo le dossali della collina, per raggiungere i crinali e l\u2019oltregiogo, l\u2019interno di questa regione montana.<br \/>\nI quartieri collinari costruiti nell\u2019Ottocento ormai nascondono queste creuze e i genovesi che ancora le percorrono per raggiungere palazzi e case incastrati nella collina, sembrano sparire fra i muri alti che le delimitano.<br \/>\nScale e salite obbligate, perch\u00e9 non sempre \u00e8 possibile utilizzare auto o moto. Piccoli giardini nascosti, porzioni di spazi privati che \u00e8 possibile scorgere solo addentrandosi negli stretti camminamenti che conducono in alto.<br \/>\nAscensori e funicolari, antichi macchinari e nuove tecnologie aiutano a vivere questa citt\u00e0 dischiusa su molti livelli.<br \/>\nPunti di vista. Non si conosce Genova mai abbastanza. Terrazzi, scorci, abbaini, mirador, tegole, affacci, torri, campanili. Ponti, passaggi, tunnel, giardini sospesi. Naso all\u2019ins\u00f9 in cerca di luce. Sole e vento finalmente, aria, maestrale e tramontana.<br \/>\nSiamo sicuri che sia una citt\u00e0 in salita? E se invece fosse una citt\u00e0 in discesa?<br \/>\n\u201cScendo in centro \u2013 Vado a Genova\u201d.<br \/>\nGi\u00f9 veloci per le Creuze, i bambini corrono e ti aspettano in fondo, le gambe molli, le ginocchia piegate ecco adesso qui \u00e8 piatto, orizzontale, ma no scendi anche nei vicoli\u2026.<br \/>\nGuardandola dal mare e si vedr\u00e0 un semicerchio che sembra appena socchiuso, ma invece si allunga, diventa stretto stretto alle sue estremit\u00e0.<\/p>\n","protected":false},"excerpt":{"rendered":"<p>Camminando dal mare e dalla costa verso l\u2019interno, tutti dicono che Genova \u00e8 una citt\u00e0 \u201cin salita\u201d. Creuze tortuose, vecchie mulattiere si inerpicano lungo le dossali della collina, per raggiungere i crinali e l\u2019oltregiogo, l\u2019interno di questa regione montana. I quartieri collinari costruiti nell\u2019Ottocento ormai nascondono queste creuze e i genovesi che ancora le percorrono [&hellip;]<\/p>\n","protected":false},"author":1,"featured_media":424,"parent":0,"menu_order":0,"comment_status":"closed","ping_status":"closed","template":"","meta":[],"_links":{"self":[{"href":"https:\/\/www.hellogenoa.eu\/en\/wp-json\/wp\/v2\/pages\/153"}],"collection":[{"href":"https:\/\/www.hellogenoa.eu\/en\/wp-json\/wp\/v2\/pages"}],"about":[{"href":"https:\/\/www.hellogenoa.eu\/en\/wp-json\/wp\/v2\/types\/page"}],"author":[{"embeddable":true,"href":"https:\/\/www.hellogenoa.eu\/en\/wp-json\/wp\/v2\/users\/1"}],"replies":[{"embeddable":true,"href":"https:\/\/www.hellogenoa.eu\/en\/wp-json\/wp\/v2\/comments?post=153"}],"version-history":[{"count":3,"href":"https:\/\/www.hellogenoa.eu\/en\/wp-json\/wp\/v2\/pages\/153\/revisions"}],"predecessor-version":[{"id":306,"href":"https:\/\/www.hellogenoa.eu\/en\/wp-json\/wp\/v2\/pages\/153\/revisions\/306"}],"wp:featuredmedia":[{"embeddable":true,"href":"https:\/\/www.hellogenoa.eu\/en\/wp-json\/wp\/v2\/media\/424"}],"wp:attachment":[{"href":"https:\/\/www.hellogenoa.eu\/en\/wp-json\/wp\/v2\/media?parent=153"}],"curies":[{"name":"wp","href":"https:\/\/api.w.org\/{rel}","templated":true}]}}