{"id":165,"date":"2020-10-20T14:40:53","date_gmt":"2020-10-20T12:40:53","guid":{"rendered":"http:\/\/www.hellogenoa.eu\/?page_id=165"},"modified":"2021-03-30T16:03:40","modified_gmt":"2021-03-30T14:03:40","slug":"le-nostre-idee","status":"publish","type":"page","link":"https:\/\/www.hellogenoa.eu\/en\/le-nostre-idee\/","title":{"rendered":"Ideas"},"content":{"rendered":"<p><strong>By night<\/strong><br \/>\nQuando scende la notte la citt\u00e0 cambia.<br \/>\nOmbre velate si stagliano sulle facciate riccamente decorate dei palazzi nobiliari e sul marmo della Cattedrale di San Lorenzo.<br \/>\nLe voci si attutiscono, si avvertono passi furtivi e si intuisce la presenza di qualcuno che non si vede. Le piccole edicole votive sono un punto di riferimento nel labirinto dei Caruggi.\u2028Nei vicoli deserti appaiono gli abitanti della notte, strani e inaspettati.<br \/>\nPresenze sfuggenti si intravedono agli incroci dei vicoli. Sono forse i fantasmi della Genova del passato?<\/p>\n<p><img loading=\"lazy\" class=\"aligncenter wp-image-417 size-large\" src=\"http:\/\/www.hellogenoa.eu\/wp-content\/uploads\/2021\/03\/IDEE-HELLOGENOA-VISITAGUIDATA-GENOVA-GENOA-BARBARACUDIA-1024x576.jpg\" alt=\"\" width=\"1024\" height=\"576\" srcset=\"https:\/\/www.hellogenoa.eu\/wp-content\/uploads\/2021\/03\/IDEE-HELLOGENOA-VISITAGUIDATA-GENOVA-GENOA-BARBARACUDIA-1024x576.jpg 1024w, https:\/\/www.hellogenoa.eu\/wp-content\/uploads\/2021\/03\/IDEE-HELLOGENOA-VISITAGUIDATA-GENOVA-GENOA-BARBARACUDIA-300x169.jpg 300w, https:\/\/www.hellogenoa.eu\/wp-content\/uploads\/2021\/03\/IDEE-HELLOGENOA-VISITAGUIDATA-GENOVA-GENOA-BARBARACUDIA-768x432.jpg 768w, https:\/\/www.hellogenoa.eu\/wp-content\/uploads\/2021\/03\/IDEE-HELLOGENOA-VISITAGUIDATA-GENOVA-GENOA-BARBARACUDIA-1536x864.jpg 1536w, https:\/\/www.hellogenoa.eu\/wp-content\/uploads\/2021\/03\/IDEE-HELLOGENOA-VISITAGUIDATA-GENOVA-GENOA-BARBARACUDIA-2048x1152.jpg 2048w, https:\/\/www.hellogenoa.eu\/wp-content\/uploads\/2021\/03\/IDEE-HELLOGENOA-VISITAGUIDATA-GENOVA-GENOA-BARBARACUDIA-750x422.jpg 750w, https:\/\/www.hellogenoa.eu\/wp-content\/uploads\/2021\/03\/IDEE-HELLOGENOA-VISITAGUIDATA-GENOVA-GENOA-BARBARACUDIA-1140x641.jpg 1140w\" sizes=\"(max-width: 1024px) 100vw, 1024px\" \/><\/p>\n<p><strong>Botteghe storiche<\/strong><br \/>\nShopping a Genova significa l&#8217;esperienza unica di andare indietro nel tempo.<br \/>\nNel centro della citt\u00e0 \u00e8 possibile acquistare prodotti di ogni genere in bellissime botteghe che ancora mantengono la vecchia tradizione del negozio di famiglia.<br \/>\nLe botteghe sono splendide nei loro antichi arredi e i proprietari orgogliosi della loro attivit\u00e0 e storia.<br \/>\nSono ben pi\u00f9 di trenta ed \u00e8 possibile ammirare farmacie, speziali, macellerie, tripperie, pollerie, caff\u00e8, pasticcerie e cioccolaterie, barberie, vetrerie, \u201csciamadde\u201d e \u201cfarinotti\u201d.<\/p>\n<p><img loading=\"lazy\" class=\"aligncenter wp-image-416 size-large\" src=\"http:\/\/www.hellogenoa.eu\/wp-content\/uploads\/2021\/03\/IDEE-DOLCI-HELLOGENOA-VISITAGUIDATA-GENOVA-GENOA-BARBARACUDIA-1024x683.jpg\" alt=\"\" width=\"1024\" height=\"683\" srcset=\"https:\/\/www.hellogenoa.eu\/wp-content\/uploads\/2021\/03\/IDEE-DOLCI-HELLOGENOA-VISITAGUIDATA-GENOVA-GENOA-BARBARACUDIA-1024x683.jpg 1024w, https:\/\/www.hellogenoa.eu\/wp-content\/uploads\/2021\/03\/IDEE-DOLCI-HELLOGENOA-VISITAGUIDATA-GENOVA-GENOA-BARBARACUDIA-300x200.jpg 300w, https:\/\/www.hellogenoa.eu\/wp-content\/uploads\/2021\/03\/IDEE-DOLCI-HELLOGENOA-VISITAGUIDATA-GENOVA-GENOA-BARBARACUDIA-768x512.jpg 768w, https:\/\/www.hellogenoa.eu\/wp-content\/uploads\/2021\/03\/IDEE-DOLCI-HELLOGENOA-VISITAGUIDATA-GENOVA-GENOA-BARBARACUDIA-1536x1024.jpg 1536w, https:\/\/www.hellogenoa.eu\/wp-content\/uploads\/2021\/03\/IDEE-DOLCI-HELLOGENOA-VISITAGUIDATA-GENOVA-GENOA-BARBARACUDIA-2048x1365.jpg 2048w, https:\/\/www.hellogenoa.eu\/wp-content\/uploads\/2021\/03\/IDEE-DOLCI-HELLOGENOA-VISITAGUIDATA-GENOVA-GENOA-BARBARACUDIA-750x500.jpg 750w, https:\/\/www.hellogenoa.eu\/wp-content\/uploads\/2021\/03\/IDEE-DOLCI-HELLOGENOA-VISITAGUIDATA-GENOVA-GENOA-BARBARACUDIA-1140x760.jpg 1140w\" sizes=\"(max-width: 1024px) 100vw, 1024px\" \/><\/p>\n<p><strong>Cimitero Monumentale di Staglieno<\/strong><br \/>\nI ritratti di pietra sono lo spaccato della societ\u00e0 altoborghese della citt\u00e0 di Genova. Staglieno \u00e8 il cimitero monumentale pi\u00f9 importante d&#8217;Europa. Attraverso la superba arte scultorea, sono rappresentati fatti storici, sentimenti profondi, l&#8217;amore, il rispetto, l&#8217;onore e il grande dolore del distacco.<br \/>\nDettagli finissimi raccontano la vita quotidiana di un tempo, il realismo ci conduce nella sfera intima delle famiglie, il simbolismo invece in un mondo parallelo e solo immaginato.<br \/>\nIl cimitero \u00e8 molto vasto. Molti personaggi famosi italiani e stranieri sono sepolti qui. Sono diversificate, cronologicamente e stilisticamente le tombe presenti, ed \u00e8 una carrellata di monumenti e opere d\u2019arte grandiose e impressionanti.\u2028Un vero museo a cielo aperto.<\/p>\n<p><img loading=\"lazy\" class=\"aligncenter wp-image-418 size-large\" src=\"http:\/\/www.hellogenoa.eu\/wp-content\/uploads\/2021\/03\/IDEE-STAGLIENO-HELLOGENOA-VISITAGUIDATA-GENOVA-GENOA-BARBARACUDIA-1024x754.jpg\" alt=\"\" width=\"1024\" height=\"754\" srcset=\"https:\/\/www.hellogenoa.eu\/wp-content\/uploads\/2021\/03\/IDEE-STAGLIENO-HELLOGENOA-VISITAGUIDATA-GENOVA-GENOA-BARBARACUDIA-1024x754.jpg 1024w, https:\/\/www.hellogenoa.eu\/wp-content\/uploads\/2021\/03\/IDEE-STAGLIENO-HELLOGENOA-VISITAGUIDATA-GENOVA-GENOA-BARBARACUDIA-300x221.jpg 300w, https:\/\/www.hellogenoa.eu\/wp-content\/uploads\/2021\/03\/IDEE-STAGLIENO-HELLOGENOA-VISITAGUIDATA-GENOVA-GENOA-BARBARACUDIA-768x566.jpg 768w, https:\/\/www.hellogenoa.eu\/wp-content\/uploads\/2021\/03\/IDEE-STAGLIENO-HELLOGENOA-VISITAGUIDATA-GENOVA-GENOA-BARBARACUDIA-1536x1131.jpg 1536w, https:\/\/www.hellogenoa.eu\/wp-content\/uploads\/2021\/03\/IDEE-STAGLIENO-HELLOGENOA-VISITAGUIDATA-GENOVA-GENOA-BARBARACUDIA-2048x1508.jpg 2048w, https:\/\/www.hellogenoa.eu\/wp-content\/uploads\/2021\/03\/IDEE-STAGLIENO-HELLOGENOA-VISITAGUIDATA-GENOVA-GENOA-BARBARACUDIA-750x552.jpg 750w, https:\/\/www.hellogenoa.eu\/wp-content\/uploads\/2021\/03\/IDEE-STAGLIENO-HELLOGENOA-VISITAGUIDATA-GENOVA-GENOA-BARBARACUDIA-1140x839.jpg 1140w\" sizes=\"(max-width: 1024px) 100vw, 1024px\" \/><\/p>\n","protected":false},"excerpt":{"rendered":"<p>By night Quando scende la notte la citt\u00e0 cambia. Ombre velate si stagliano sulle facciate riccamente decorate dei palazzi nobiliari e sul marmo della Cattedrale di San Lorenzo. Le voci si attutiscono, si avvertono passi furtivi e si intuisce la presenza di qualcuno che non si vede. Le piccole edicole votive sono un punto di [&hellip;]<\/p>\n","protected":false},"author":1,"featured_media":414,"parent":0,"menu_order":0,"comment_status":"closed","ping_status":"closed","template":"","meta":[],"_links":{"self":[{"href":"https:\/\/www.hellogenoa.eu\/en\/wp-json\/wp\/v2\/pages\/165"}],"collection":[{"href":"https:\/\/www.hellogenoa.eu\/en\/wp-json\/wp\/v2\/pages"}],"about":[{"href":"https:\/\/www.hellogenoa.eu\/en\/wp-json\/wp\/v2\/types\/page"}],"author":[{"embeddable":true,"href":"https:\/\/www.hellogenoa.eu\/en\/wp-json\/wp\/v2\/users\/1"}],"replies":[{"embeddable":true,"href":"https:\/\/www.hellogenoa.eu\/en\/wp-json\/wp\/v2\/comments?post=165"}],"version-history":[{"count":18,"href":"https:\/\/www.hellogenoa.eu\/en\/wp-json\/wp\/v2\/pages\/165\/revisions"}],"predecessor-version":[{"id":439,"href":"https:\/\/www.hellogenoa.eu\/en\/wp-json\/wp\/v2\/pages\/165\/revisions\/439"}],"wp:featuredmedia":[{"embeddable":true,"href":"https:\/\/www.hellogenoa.eu\/en\/wp-json\/wp\/v2\/media\/414"}],"wp:attachment":[{"href":"https:\/\/www.hellogenoa.eu\/en\/wp-json\/wp\/v2\/media?parent=165"}],"curies":[{"name":"wp","href":"https:\/\/api.w.org\/{rel}","templated":true}]}}