{"id":257,"date":"2020-11-12T16:11:57","date_gmt":"2020-11-12T15:11:57","guid":{"rendered":"http:\/\/www.hellogenoa.eu\/?page_id=257"},"modified":"2021-03-23T17:23:30","modified_gmt":"2021-03-23T16:23:30","slug":"new","status":"publish","type":"page","link":"https:\/\/www.hellogenoa.eu\/en\/new\/","title":{"rendered":"Curiosity"},"content":{"rendered":"<p><strong>Gallerie dorate<\/strong><br \/>\nNel Settecento alcuni spazi delle dimore nobiliari vengono modificati e ridecorati seguendo il gusto francese. Sono almeno tre le gallerie dorate visitabili a Genova.<br \/>\nAltri restano spazi privati purtroppo non sempre accessibili.<br \/>\nUn tripudio di oro, specchi, lampade e affreschi rendono meravigliosi dei piccoli scrigni. Le immagini si moltiplicano per la presenza di specchi e lo spazio sembra infinito.<\/p>\n<p><strong>La regina di genova<\/strong><\/p>\n<p>La Repubblica di Genova ha una Regina.<br \/>\nNel 1637 si celebra l&#8217;Incoronazione della Vergine Regina di Genova. Tutto per un problema di precedenze durante le processioni e le sfilate delle ambascerie di stato.<br \/>\nAlla Repubblica era destinato l\u2019ultimo posto, doveva dare la precedenza alle grandi Monarchie. Come soluzione venne incoronata la Madonna Regina di Genova, una Monarca ben pi\u00f9 importante di tutti gli altri terreni.<br \/>\nUn espediente che consentir\u00e0 alla Madonna di essere rappresentata con Corona, Scettro e Chiavi della citt\u00e0 e di essere anche rappresentata sulle monete della Repubblica. Il Doge resta capo della Repubblica, e verr\u00e0 anch\u2019egli raffigurato con gli stessi simboli e la mantella di ermellino.<\/p>\n<p><strong>Due ruote<br \/>\n<\/strong><br \/>\nGenova detiene il primato italiano del numero di motocicli: circa 230 per 1000 abitanti.<br \/>\nQui tutti vanno in scooter grazie al clima mite anche d\u2019inverno; la citt\u00e0 sale e usare la bici \u00e8 una gran fatica.<br \/>\nI bambini vengono trasportati dall\u2019et\u00e0 di 5 anni e ricevono il loro casco per il compleanno. I parcheggi dedicati alle moto sono molti, ma spesso anche inventati.<\/p>\n<p>&nbsp;<\/p>\n<p><strong>Il rosso e il nero<\/strong><\/p>\n<p>I numeri civici della citt\u00e0 di Genova sono un vero mistero. I &#8220;foresti&#8221; sono perplessi e non si orientano facilmente.<br \/>\nSono di due colori, rosso e nero, a indicare edifici e funzioni differenti, abitazioni o locali commerciali.<br \/>\nNel 1855 durante il Regno di Sardegna, venne abolita la suddivisione in sestriere della citt\u00e0 e una nuova legge ispirata al modello francese, modific\u00f2 il sistema di assegnazione dei numeri e la loro mappatura. Cos\u00ec sono rimasti<\/p>\n","protected":false},"excerpt":{"rendered":"<p>Gallerie dorate Nel Settecento alcuni spazi delle dimore nobiliari vengono modificati e ridecorati seguendo il gusto francese. Sono almeno tre le gallerie dorate visitabili a Genova. Altri restano spazi privati purtroppo non sempre accessibili. Un tripudio di oro, specchi, lampade e affreschi rendono meravigliosi dei piccoli scrigni. Le immagini si moltiplicano per la presenza di [&hellip;]<\/p>\n","protected":false},"author":1,"featured_media":421,"parent":0,"menu_order":0,"comment_status":"closed","ping_status":"closed","template":"","meta":[],"_links":{"self":[{"href":"https:\/\/www.hellogenoa.eu\/en\/wp-json\/wp\/v2\/pages\/257"}],"collection":[{"href":"https:\/\/www.hellogenoa.eu\/en\/wp-json\/wp\/v2\/pages"}],"about":[{"href":"https:\/\/www.hellogenoa.eu\/en\/wp-json\/wp\/v2\/types\/page"}],"author":[{"embeddable":true,"href":"https:\/\/www.hellogenoa.eu\/en\/wp-json\/wp\/v2\/users\/1"}],"replies":[{"embeddable":true,"href":"https:\/\/www.hellogenoa.eu\/en\/wp-json\/wp\/v2\/comments?post=257"}],"version-history":[{"count":2,"href":"https:\/\/www.hellogenoa.eu\/en\/wp-json\/wp\/v2\/pages\/257\/revisions"}],"predecessor-version":[{"id":263,"href":"https:\/\/www.hellogenoa.eu\/en\/wp-json\/wp\/v2\/pages\/257\/revisions\/263"}],"wp:featuredmedia":[{"embeddable":true,"href":"https:\/\/www.hellogenoa.eu\/en\/wp-json\/wp\/v2\/media\/421"}],"wp:attachment":[{"href":"https:\/\/www.hellogenoa.eu\/en\/wp-json\/wp\/v2\/media?parent=257"}],"curies":[{"name":"wp","href":"https:\/\/api.w.org\/{rel}","templated":true}]}}